{"id":842,"date":"2024-11-15T18:09:13","date_gmt":"2024-11-15T18:09:13","guid":{"rendered":"https:\/\/megaland.sanzza.eu\/?page_id=842"},"modified":"2024-12-31T11:35:45","modified_gmt":"2024-12-31T11:35:45","slug":"contactos","status":"publish","type":"page","link":"https:\/\/megaland.sanzza.eu\/?page_id=842","title":{"rendered":"Contactos"},"content":{"rendered":"\t\t<div data-elementor-type=\"wp-page\" data-elementor-id=\"842\" class=\"elementor elementor-842\" data-elementor-post-type=\"page\">\n\t\t\t\t<div class=\"elementor-element elementor-element-839f8a6 e-flex e-con-boxed e-con e-parent\" data-id=\"839f8a6\" data-element_type=\"container\" data-settings=\"{&quot;background_background&quot;:&quot;classic&quot;}\">\n\t\t\t\t\t<div class=\"e-con-inner\">\n\t\t\t\t\t<\/div>\n\t\t\t\t<\/div>\n\t\t<div class=\"elementor-element elementor-element-409afc3 e-flex e-con-boxed e-con e-parent\" data-id=\"409afc3\" data-element_type=\"container\">\n\t\t\t\t\t<div class=\"e-con-inner\">\n\t\t<div class=\"elementor-element elementor-element-21b7c83 e-con-full e-flex e-con e-child\" data-id=\"21b7c83\" data-element_type=\"container\">\n\t\t\t\t<div class=\"elementor-element elementor-element-c3efc3d elementor-widget elementor-widget-google_maps\" data-id=\"c3efc3d\" data-element_type=\"widget\" data-widget_type=\"google_maps.default\">\n\t\t\t\t<div class=\"elementor-widget-container\">\n\t\t\t\t\t<div class=\"elementor-custom-embed\">\n\t\t\t<iframe loading=\"lazy\"\n\t\t\t\t\tsrc=\"https:\/\/maps.google.com\/maps?q=39%C2%B028%2703.6%22N%208%C2%B031%2731.1%22W&#038;t=m&#038;z=15&#038;output=embed&#038;iwloc=near\"\n\t\t\t\t\ttitle=\"39\u00b028&#039;03.6&quot;N 8\u00b031&#039;31.1&quot;W\"\n\t\t\t\t\taria-label=\"39\u00b028&#039;03.6&quot;N 8\u00b031&#039;31.1&quot;W\"\n\t\t\t><\/iframe>\n\t\t<\/div>\n\t\t\t\t<\/div>\n\t\t\t\t<\/div>\n\t\t\t\t<\/div>\n\t\t<div class=\"elementor-element elementor-element-9d91e60 e-con-full e-flex e-con e-child\" data-id=\"9d91e60\" data-element_type=\"container\">\n\t\t\t\t<div class=\"elementor-element elementor-element-cd7be22 elementor-widget__width-inherit elementor-widget elementor-widget-heading\" data-id=\"cd7be22\" data-element_type=\"widget\" data-widget_type=\"heading.default\">\n\t\t\t\t<div class=\"elementor-widget-container\">\n\t\t\t<h1 class=\"elementor-heading-title elementor-size-default\">Onde estamos<\/h1>\t\t<\/div>\n\t\t\t\t<\/div>\n\t\t\t\t<div class=\"elementor-element elementor-element-f60dbd4 elementor-widget__width-inherit elementor-widget elementor-widget-text-editor\" data-id=\"f60dbd4\" data-element_type=\"widget\" data-widget_type=\"text-editor.default\">\n\t\t\t\t<div class=\"elementor-widget-container\">\n\t\t\t\t\t\t\t<p><span style=\"font-weight: 400;\">O <\/span><b>Megaland<\/b><span style=\"font-weight: 400;\"> est\u00e1 convenientemente situado para f\u00e1cil acesso! Venha visitar-nos e descubra um mundo de divers\u00e3o e aventuras. Estamos prontos para receber fam\u00edlias e amigos em um ambiente acolhedor!<\/span><\/p>\t\t\t\t\t\t<\/div>\n\t\t\t\t<\/div>\n\t\t\t\t<div class=\"elementor-element elementor-element-4cd5475 elementor-position-left elementor-widget__width-initial contact-icon elementor-view-default elementor-mobile-position-top elementor-vertical-align-top elementor-widget elementor-widget-icon-box\" data-id=\"4cd5475\" data-element_type=\"widget\" data-widget_type=\"icon-box.default\">\n\t\t\t\t<div class=\"elementor-widget-container\">\n\t\t\t\t\t<div class=\"elementor-icon-box-wrapper\">\n\n\t\t\t\t\t\t<div class=\"elementor-icon-box-icon\">\n\t\t\t\t<span  class=\"elementor-icon elementor-animation-\">\n\t\t\t\t<svg xmlns=\"http:\/\/www.w3.org\/2000\/svg\" width=\"32\" height=\"32\" viewBox=\"0 0 32 32\"><path id=\"Caminho_198\" data-name=\"Caminho 198\" d=\"M16-7.5a13,13,0,0,0,0,26,1.5,1.5,0,0,1,0,3,16,16,0,1,1,16-16V7.25a5.748,5.748,0,0,1-10.456,3.3A7.5,7.5,0,1,1,16-2,7.441,7.441,0,0,1,20.737-.312,1.5,1.5,0,0,1,22-1,1.5,1.5,0,0,1,23.5.5V7.25a2.75,2.75,0,0,0,5.5,0V5.5A13,13,0,0,0,16-7.5Zm4.5,13a4.5,4.5,0,1,0-2.25,3.9A4.5,4.5,0,0,0,20.5,5.5Z\" transform=\"translate(0 10.5)\"><\/path><\/svg>\t\t\t\t<\/span>\n\t\t\t<\/div>\n\t\t\t\n\t\t\t\t\t\t<div class=\"elementor-icon-box-content\">\n\n\t\t\t\t\t\t\t\t\t<h3 class=\"elementor-icon-box-title\">\n\t\t\t\t\t\t<span  >\n\t\t\t\t\t\t\tEmail\t\t\t\t\t\t<\/span>\n\t\t\t\t\t<\/h3>\n\t\t\t\t\n\t\t\t\t\t\t\t\t\t<p class=\"elementor-icon-box-description\">\n\t\t\t\t\t\tgeral@megaland.pt\t\t\t\t\t<\/p>\n\t\t\t\t\n\t\t\t<\/div>\n\t\t\t\n\t\t<\/div>\n\t\t\t\t<\/div>\n\t\t\t\t<\/div>\n\t\t\t\t<div class=\"elementor-element elementor-element-50ce4b4 elementor-position-left elementor-widget__width-initial contact-icon elementor-view-default elementor-mobile-position-top elementor-vertical-align-top elementor-widget elementor-widget-icon-box\" data-id=\"50ce4b4\" data-element_type=\"widget\" data-widget_type=\"icon-box.default\">\n\t\t\t\t<div class=\"elementor-widget-container\">\n\t\t\t\t\t<div class=\"elementor-icon-box-wrapper\">\n\n\t\t\t\t\t\t<div class=\"elementor-icon-box-icon\">\n\t\t\t\t<span  class=\"elementor-icon elementor-animation-\">\n\t\t\t\t<svg xmlns=\"http:\/\/www.w3.org\/2000\/svg\" width=\"31.994\" height=\"32\" viewBox=\"0 0 31.994 32\"><path id=\"Caminho_199\" data-name=\"Caminho 199\" d=\"M23.483,3.2a2.5,2.5,0,0,0-2.918.712L18.491,6.446A19.159,19.159,0,0,1,11.548-.5l2.531-2.068a2.489,2.489,0,0,0,.712-2.918l-3-7a2.5,2.5,0,0,0-2.818-1.462l-7,1.5A2.5,2.5,0,0,0,0-10,28,28,0,0,0,25,17.838c.612.062,1.225.112,1.85.137h.006c.381.012.756.025,1.137.025a2.5,2.5,0,0,0,2.443-1.975l1.5-7a2.5,2.5,0,0,0-1.462-2.818l-7-3Zm4.106,11.8A25,25,0,0,1,3.006-9.595l6.2-1.331,2.687,6.274L9.648-2.815A3,3,0,0,0,8.955,1.01a22.12,22.12,0,0,0,8.036,8.036,3,3,0,0,0,3.824-.694l1.837-2.243L28.926,8.8Z\" transform=\"translate(0 14)\"><\/path><\/svg>\t\t\t\t<\/span>\n\t\t\t<\/div>\n\t\t\t\n\t\t\t\t\t\t<div class=\"elementor-icon-box-content\">\n\n\t\t\t\t\t\t\t\t\t<h3 class=\"elementor-icon-box-title\">\n\t\t\t\t\t\t<span  >\n\t\t\t\t\t\t\tTelefone\t\t\t\t\t\t<\/span>\n\t\t\t\t\t<\/h3>\n\t\t\t\t\n\t\t\t\t\t\t\t\t\t<p class=\"elementor-icon-box-description\">\n\t\t\t\t\t\t<div class=\"flex flex-col\">\n    <div style=\"color: #FFFFFF;\" class=\"text-2xl\">249 824 461<\/div>\n    <div style=\"color: #FFFFFF;\" class=\"text-xs\">(chamada para a rede fixa nacional)<\/div>\n<\/div>\t\t\t\t\t<\/p>\n\t\t\t\t\n\t\t\t<\/div>\n\t\t\t\n\t\t<\/div>\n\t\t\t\t<\/div>\n\t\t\t\t<\/div>\n\t\t\t\t<div class=\"elementor-element elementor-element-3ebbd4b elementor-position-left elementor-widget__width-initial contact-icon elementor-view-default elementor-mobile-position-top elementor-vertical-align-top elementor-widget elementor-widget-icon-box\" data-id=\"3ebbd4b\" data-element_type=\"widget\" data-widget_type=\"icon-box.default\">\n\t\t\t\t<div class=\"elementor-widget-container\">\n\t\t\t\t\t<div class=\"elementor-icon-box-wrapper\">\n\n\t\t\t\t\t\t<div class=\"elementor-icon-box-icon\">\n\t\t\t\t<a href=\"https:\/\/www.google.com\/maps\/dir\/\/39.4676667,-8.5253056\/@39.4676667,-8.5253056,1152m\/data=!3m1!1e3!4m2!4m1!3e0?entry=ttu&#038;g_ep=EgoyMDI0MTExOC4wIKXMDSoASAFQAw%3D%3D\" target=\"_blank\" class=\"elementor-icon elementor-animation-\" tabindex=\"-1\">\n\t\t\t\t<svg xmlns=\"http:\/\/www.w3.org\/2000\/svg\" width=\"35.998\" height=\"32\" viewBox=\"0 0 35.998 32\"><path id=\"Caminho_200\" data-name=\"Caminho 200\" d=\"M25.5-6.5a6.155,6.155,0,0,1-.312,1.787,18.886,18.886,0,0,1-1.712,3.7L23.468-1c-.194.337-.394.669-.6,1-.275.437-.556.875-.844,1.3L22,1.337C20.868,3.018,19.705,4.53,18.924,5.5a1.176,1.176,0,0,1-1.85,0C16.3,4.53,15.131,3.018,14,1.337a28.527,28.527,0,0,1-2.919-5.275c-.05-.131-.1-.262-.144-.394A6.78,6.78,0,0,1,10.5-6.494a7.8,7.8,0,0,1,.05-.862A7.5,7.5,0,0,1,18-14,7.5,7.5,0,0,1,25.5-6.5ZM22,4.787c.844-1.137,1.8-2.494,2.669-3.9.112-.181.225-.362.331-.55V14.355l8-2.906V-4.357L26.2-1.888c.137-.294.275-.581.394-.875a11.615,11.615,0,0,0,.825-2.762l6.562-2.387a1.5,1.5,0,0,1,1.375.181A1.5,1.5,0,0,1,36-6.5v19a1.5,1.5,0,0,1-.987,1.412l-11,4a1.519,1.519,0,0,1-1.025,0L12.5,14.092,2.012,17.9A1.5,1.5,0,0,1,0,16.5v-19A1.5,1.5,0,0,1,.987-3.913L8.5-6.644V-6.5a8.8,8.8,0,0,0,.556,2.85L3-1.451V14.355l8-2.906V.343c.112.187.219.369.331.55C12.2,2.3,13.149,3.655,14,4.793v6.662l8,2.906V4.793ZM18-4.5a2.5,2.5,0,0,0,2.165-1.25,2.5,2.5,0,0,0,0-2.5A2.5,2.5,0,0,0,18-9.5a2.5,2.5,0,0,0-2.165,1.25,2.5,2.5,0,0,0,0,2.5A2.5,2.5,0,0,0,18-4.5Z\" transform=\"translate(0 14)\"><\/path><\/svg>\t\t\t\t<\/a>\n\t\t\t<\/div>\n\t\t\t\n\t\t\t\t\t\t<div class=\"elementor-icon-box-content\">\n\n\t\t\t\t\t\t\t\t\t<h3 class=\"elementor-icon-box-title\">\n\t\t\t\t\t\t<a href=\"https:\/\/www.google.com\/maps\/dir\/\/39.4676667,-8.5253056\/@39.4676667,-8.5253056,1152m\/data=!3m1!1e3!4m2!4m1!3e0?entry=ttu&#038;g_ep=EgoyMDI0MTExOC4wIKXMDSoASAFQAw%3D%3D\" target=\"_blank\" >\n\t\t\t\t\t\t\tLocaliza\u00e7\u00e3o\t\t\t\t\t\t<\/a>\n\t\t\t\t\t<\/h3>\n\t\t\t\t\n\t\t\t\t\t\t\t\t\t<p class=\"elementor-icon-box-description\">\n\t\t\t\t\t\tVariante do Bom Amor -  \n2350-649 - Torres Novas\n\t\t\t\t\t<\/p>\n\t\t\t\t\n\t\t\t<\/div>\n\t\t\t\n\t\t<\/div>\n\t\t\t\t<\/div>\n\t\t\t\t<\/div>\n\t\t\t\t<\/div>\n\t\t\t\t\t<\/div>\n\t\t\t\t<\/div>\n\t\t<div class=\"elementor-element elementor-element-4cbbb0f e-flex e-con-boxed e-con e-parent\" data-id=\"4cbbb0f\" data-element_type=\"container\">\n\t\t\t\t\t<div class=\"e-con-inner\">\n\t\t<div class=\"elementor-element elementor-element-99f2994 e-con-full e-flex e-con e-child\" data-id=\"99f2994\" data-element_type=\"container\">\n\t\t\t\t<div class=\"elementor-element elementor-element-0142578 elementor-widget elementor-widget-heading\" data-id=\"0142578\" data-element_type=\"widget\" data-widget_type=\"heading.default\">\n\t\t\t\t<div class=\"elementor-widget-container\">\n\t\t\t<h2 class=\"elementor-heading-title elementor-size-default\">Entre em contacto<\/h2>\t\t<\/div>\n\t\t\t\t<\/div>\n\t\t\t\t<div class=\"elementor-element elementor-element-dacdac4 elementor-widget elementor-widget-text-editor\" data-id=\"dacdac4\" data-element_type=\"widget\" data-widget_type=\"text-editor.default\">\n\t\t\t\t<div class=\"elementor-widget-container\">\n\t\t\t\t\t\t\t<p><span style=\"font-weight: 400;\">Estamos aqui para ajudar! Se tiver alguma d\u00favida ou precisar de mais informa\u00e7\u00f5es sobre o <\/span><b>Megaland<\/b><span style=\"font-weight: 400;\">, n\u00e3o hesite em entrar em contacto connosco. A sua satisfa\u00e7\u00e3o \u00e9 a nossa prioridade!<\/span><\/p>\t\t\t\t\t\t<\/div>\n\t\t\t\t<\/div>\n\t\t\t\t<div class=\"elementor-element elementor-element-288bd10 elementor-button-align-end form-news-home1 elementor-widget elementor-widget-form\" data-id=\"288bd10\" data-element_type=\"widget\" data-settings=\"{&quot;step_next_label&quot;:&quot;Next&quot;,&quot;step_previous_label&quot;:&quot;Anterior&quot;,&quot;button_width&quot;:&quot;100&quot;,&quot;step_type&quot;:&quot;number_text&quot;,&quot;step_icon_shape&quot;:&quot;circle&quot;}\" data-widget_type=\"form.default\">\n\t\t\t\t<div class=\"elementor-widget-container\">\n\t\t\t\t\t<form class=\"elementor-form\" method=\"post\" name=\"New Form\">\n\t\t\t<input type=\"hidden\" name=\"post_id\" value=\"842\"\/>\n\t\t\t<input type=\"hidden\" name=\"form_id\" value=\"288bd10\"\/>\n\t\t\t<input type=\"hidden\" name=\"referer_title\" value=\"Contactos\" \/>\n\n\t\t\t\t\t\t\t<input type=\"hidden\" name=\"queried_id\" value=\"842\"\/>\n\t\t\t\n\t\t\t<div class=\"elementor-form-fields-wrapper elementor-labels-\">\n\t\t\t\t\t\t\t\t<div class=\"elementor-field-type-text elementor-field-group elementor-column elementor-field-group-name elementor-col-100 elementor-field-required\">\n\t\t\t\t\t\t\t\t\t\t\t\t<label for=\"form-field-name\" class=\"elementor-field-label elementor-screen-only\">\n\t\t\t\t\t\t\t\tNome\t\t\t\t\t\t\t<\/label>\n\t\t\t\t\t\t\t\t\t\t\t\t\t\t<input size=\"1\" type=\"text\" name=\"form_fields[name]\" id=\"form-field-name\" class=\"elementor-field elementor-size-lg  elementor-field-textual\" placeholder=\"Nome\" required=\"required\" aria-required=\"true\">\n\t\t\t\t\t\t\t\t\t\t\t<\/div>\n\t\t\t\t\t\t\t\t<div class=\"elementor-field-type-email elementor-field-group elementor-column elementor-field-group-email elementor-col-50 elementor-field-required\">\n\t\t\t\t\t\t\t\t\t\t\t\t<label for=\"form-field-email\" class=\"elementor-field-label elementor-screen-only\">\n\t\t\t\t\t\t\t\tEmail\t\t\t\t\t\t\t<\/label>\n\t\t\t\t\t\t\t\t\t\t\t\t\t\t<input size=\"1\" type=\"email\" name=\"form_fields[email]\" id=\"form-field-email\" class=\"elementor-field elementor-size-lg  elementor-field-textual\" placeholder=\"Email\" required=\"required\" aria-required=\"true\">\n\t\t\t\t\t\t\t\t\t\t\t<\/div>\n\t\t\t\t\t\t\t\t<div class=\"elementor-field-type-tel elementor-field-group elementor-column elementor-field-group-field_ee2464e elementor-col-50 elementor-field-required\">\n\t\t\t\t\t\t\t\t\t\t\t\t<label for=\"form-field-field_ee2464e\" class=\"elementor-field-label elementor-screen-only\">\n\t\t\t\t\t\t\t\tTelefone\t\t\t\t\t\t\t<\/label>\n\t\t\t\t\t\t\t\t<input size=\"1\" type=\"tel\" name=\"form_fields[field_ee2464e]\" id=\"form-field-field_ee2464e\" class=\"elementor-field elementor-size-lg  elementor-field-textual\" placeholder=\"Telefone\" required=\"required\" aria-required=\"true\" pattern=\"[0-9()#&amp;+*-=.]+\" title=\"Only numbers and phone characters (#, -, *, etc) are accepted.\">\n\n\t\t\t\t\t\t<\/div>\n\t\t\t\t\t\t\t\t<div class=\"elementor-field-type-textarea elementor-field-group elementor-column elementor-field-group-message elementor-col-100 elementor-field-required\">\n\t\t\t\t\t\t\t\t\t\t\t\t<label for=\"form-field-message\" class=\"elementor-field-label elementor-screen-only\">\n\t\t\t\t\t\t\t\tA sua mensagem\t\t\t\t\t\t\t<\/label>\n\t\t\t\t\t\t<textarea class=\"elementor-field-textual elementor-field  elementor-size-lg\" name=\"form_fields[message]\" id=\"form-field-message\" rows=\"7\" placeholder=\"A sua mensasagem\" required=\"required\" aria-required=\"true\"><\/textarea>\t\t\t\t<\/div>\n\t\t\t\t\t\t\t\t<div class=\"elementor-field-type-acceptance elementor-field-group elementor-column elementor-field-group-field_41cf474 elementor-col-100 elementor-field-required\">\n\t\t\t\t\t\t\t\t\t\t\t\t<label for=\"form-field-field_41cf474\" class=\"elementor-field-label elementor-screen-only\">\n\t\t\t\t\t\t\t\tAceito\t\t\t\t\t\t\t<\/label>\n\t\t\t\t\t\t\t\t<div class=\"elementor-field-subgroup\">\n\t\t\t<span class=\"elementor-field-option\">\n\t\t\t\t<input type=\"checkbox\" name=\"form_fields[field_41cf474]\" id=\"form-field-field_41cf474\" class=\"elementor-field elementor-size-lg  elementor-acceptance-field\" required=\"required\" aria-required=\"true\">\n\t\t\t\t<label for=\"form-field-field_41cf474\"><span style=\"\n    text-transform: initial;\n    font-size: 12px;\n    font-family: &quot;Raleway&quot;, Sans-serif;\n\">Aceito a <a href=\"\/politica-de-privacidade\" style=\"\n    color: #FFF;\n\" target:\"_blank\"><u>Pol\u00edtica de Privacidade<\/u><\/a><\/span><\/label>\t\t\t<\/span>\n\t\t<\/div>\n\t\t\t\t\t\t<\/div>\n\t\t\t\t\t\t\t\t<div class=\"elementor-field-group elementor-column elementor-field-type-submit elementor-col-100 e-form__buttons\">\n\t\t\t\t\t<button class=\"elementor-button elementor-size-lg\" type=\"submit\">\n\t\t\t\t\t\t<span class=\"elementor-button-content-wrapper\">\n\t\t\t\t\t\t\t\t\t\t\t\t\t\t\t\t\t\t\t\t\t\t<span class=\"elementor-button-text\">Enviar Mensagem<\/span>\n\t\t\t\t\t\t\t\t\t\t\t\t\t<\/span>\n\t\t\t\t\t<\/button>\n\t\t\t\t<\/div>\n\t\t\t<\/div>\n\t\t<\/form>\n\t\t\t\t<\/div>\n\t\t\t\t<\/div>\n\t\t\t\t<\/div>\n\t\t<div class=\"elementor-element elementor-element-5aa2191 e-con-full e-flex e-con e-child\" data-id=\"5aa2191\" data-element_type=\"container\" data-settings=\"{&quot;background_background&quot;:&quot;classic&quot;}\">\n\t\t\t\t<\/div>\n\t\t\t\t\t<\/div>\n\t\t\t\t<\/div>\n\t\t\t\t<\/div>\n\t\t","protected":false},"excerpt":{"rendered":"<p>Onde estamos O Megaland est\u00e1 convenientemente situado para f\u00e1cil acesso! Venha visitar-nos e descubra um mundo de divers\u00e3o e aventuras. Estamos prontos para receber fam\u00edlias e amigos em um ambiente acolhedor! Email geral@megaland.pt Telefone 249 824 461 (chamada para a rede fixa nacional) Localiza\u00e7\u00e3o Variante do Bom Amor &#8211; 2350-649 &#8211; Torres Novas Entre em [&hellip;]<\/p>\n","protected":false},"author":1,"featured_media":0,"parent":0,"menu_order":0,"comment_status":"closed","ping_status":"closed","template":"","meta":{"_acf_changed":false,"footnotes":""},"class_list":["post-842","page","type-page","status-publish","hentry"],"acf":[],"_links":{"self":[{"href":"https:\/\/megaland.sanzza.eu\/index.php?rest_route=\/wp\/v2\/pages\/842","targetHints":{"allow":["GET"]}}],"collection":[{"href":"https:\/\/megaland.sanzza.eu\/index.php?rest_route=\/wp\/v2\/pages"}],"about":[{"href":"https:\/\/megaland.sanzza.eu\/index.php?rest_route=\/wp\/v2\/types\/page"}],"author":[{"embeddable":true,"href":"https:\/\/megaland.sanzza.eu\/index.php?rest_route=\/wp\/v2\/users\/1"}],"replies":[{"embeddable":true,"href":"https:\/\/megaland.sanzza.eu\/index.php?rest_route=%2Fwp%2Fv2%2Fcomments&post=842"}],"version-history":[{"count":12,"href":"https:\/\/megaland.sanzza.eu\/index.php?rest_route=\/wp\/v2\/pages\/842\/revisions"}],"predecessor-version":[{"id":1634,"href":"https:\/\/megaland.sanzza.eu\/index.php?rest_route=\/wp\/v2\/pages\/842\/revisions\/1634"}],"wp:attachment":[{"href":"https:\/\/megaland.sanzza.eu\/index.php?rest_route=%2Fwp%2Fv2%2Fmedia&parent=842"}],"curies":[{"name":"wp","href":"https:\/\/api.w.org\/{rel}","templated":true}]}}